{"id":31,"date":"2015-10-10T17:57:10","date_gmt":"2015-10-10T17:57:10","guid":{"rendered":"http:\/\/www.bm-design.si\/mica\/?page_id=31"},"modified":"2020-05-11T12:16:09","modified_gmt":"2020-05-11T12:16:09","slug":"embalaza","status":"publish","type":"page","link":"https:\/\/www.mica.si\/en\/packaging\/","title":{"rendered":"Packaging"},"content":{"rendered":"<div class=\"ngg-galleryoverview\" id=\"ngg-gallery-1-31\">\r\n\r\n\t<!-- Slideshow link -->\r\n\t<div class=\"slideshowlink\">\r\n\t\t<a class=\"slideshowlink\" href=\"https:\/\/www.mica.si\/en\/packaging\/?show=slide\">\r\n\t\t\t[Show slideshow]\t\t<\/a>\r\n\t<\/div>\r\n\r\n\t\r\n\t<!-- Thumbnails -->\r\n\t\t\r\n\t<div id=\"ngg-image-4\" class=\"ngg-gallery-thumbnail-box\"  >\r\n\t\t<div class=\"ngg-gallery-thumbnail\" >\r\n\t\t\t<a href=\"https:\/\/www.mica.si\/\/wp-content\/gallery\/doze\/Doza_1_2_L_z_navojnim_vratom.jpg\" title=\"Cup 1,2 L with a screw neck\" class=\"shutterset_set_1\" >\r\n\t\t\t\t\t\t\t\t<img title=\"Cup 1,2 L with a screw neck\" alt=\"Cup 1,2 L with a screw neck\" src=\"https:\/\/www.mica.si\/\/wp-content\/gallery\/doze\/thumbs\/thumbs_Doza_1_2_L_z_navojnim_vratom.jpg\" width=\"120\" height=\"120\" \/>\r\n\t\t\t\t\t\t\t<\/a>\r\n\t\t\t<span>Cup 1,2 L with a screw neck<\/span>\r\n\t\t<\/div>\r\n\t<\/div>\r\n\t\t \t\t\r\n\t<div id=\"ngg-image-5\" class=\"ngg-gallery-thumbnail-box\"  >\r\n\t\t<div class=\"ngg-gallery-thumbnail\" >\r\n\t\t\t<a href=\"https:\/\/www.mica.si\/\/wp-content\/gallery\/doze\/Doza_250_ml_na_poklop.jpg\" title=\"Cup 250 ml with lid\" class=\"shutterset_set_1\" >\r\n\t\t\t\t\t\t\t\t<img title=\"Cup 250 ml with lid\" alt=\"Cup 250 ml with lid\" src=\"https:\/\/www.mica.si\/\/wp-content\/gallery\/doze\/thumbs\/thumbs_Doza_250_ml_na_poklop.jpg\" width=\"120\" height=\"120\" \/>\r\n\t\t\t\t\t\t\t<\/a>\r\n\t\t\t<span>Cup 250 ml with lid<\/span>\r\n\t\t<\/div>\r\n\t<\/div>\r\n\t\t \t\t\r\n\t<div id=\"ngg-image-6\" class=\"ngg-gallery-thumbnail-box\"  >\r\n\t\t<div class=\"ngg-gallery-thumbnail\" >\r\n\t\t\t<a href=\"https:\/\/www.mica.si\/\/wp-content\/gallery\/doze\/Doza_250_ml_z_navojnim_vratom.jpg\" title=\"Cup 250 ml with screw neck\" class=\"shutterset_set_1\" >\r\n\t\t\t\t\t\t\t\t<img title=\"Cup 250 ml with screw neck\" alt=\"Cup 250 ml with screw neck\" src=\"https:\/\/www.mica.si\/\/wp-content\/gallery\/doze\/thumbs\/thumbs_Doza_250_ml_z_navojnim_vratom.jpg\" width=\"120\" height=\"120\" \/>\r\n\t\t\t\t\t\t\t<\/a>\r\n\t\t\t<span>Cup 250 ml with screw neck<\/span>\r\n\t\t<\/div>\r\n\t<\/div>\r\n\t\t \t\t\r\n\t<div id=\"ngg-image-7\" class=\"ngg-gallery-thumbnail-box\"  >\r\n\t\t<div class=\"ngg-gallery-thumbnail\" >\r\n\t\t\t<a href=\"https:\/\/www.mica.si\/\/wp-content\/gallery\/doze\/Doza_500_ml_z_navojnim_vratom.jpg\" title=\"Cup 500 ml with screw neck\" class=\"shutterset_set_1\" >\r\n\t\t\t\t\t\t\t\t<img title=\"Cup 500 ml with screw neck\" alt=\"Cup 500 ml with screw neck\" src=\"https:\/\/www.mica.si\/\/wp-content\/gallery\/doze\/thumbs\/thumbs_Doza_500_ml_z_navojnim_vratom.jpg\" width=\"120\" height=\"120\" \/>\r\n\t\t\t\t\t\t\t<\/a>\r\n\t\t\t<span>Cup 500 ml with screw neck<\/span>\r\n\t\t<\/div>\r\n\t<\/div>\r\n\t\t \t\t\r\n\t<div id=\"ngg-image-8\" class=\"ngg-gallery-thumbnail-box\"  >\r\n\t\t<div class=\"ngg-gallery-thumbnail\" >\r\n\t\t\t<a href=\"https:\/\/www.mica.si\/\/wp-content\/gallery\/doze\/Doza_PE_1L_z_navojnim_vratom.jpg\" title=\"Cup PE 1L with screw neck\" class=\"shutterset_set_1\" >\r\n\t\t\t\t\t\t\t\t<img title=\"Cup PE 1L with screw neck\" alt=\"Cup PE 1L with screw neck\" src=\"https:\/\/www.mica.si\/\/wp-content\/gallery\/doze\/thumbs\/thumbs_Doza_PE_1L_z_navojnim_vratom.jpg\" width=\"120\" height=\"120\" \/>\r\n\t\t\t\t\t\t\t<\/a>\r\n\t\t\t<span>Cup PE 1L with screw neck<\/span>\r\n\t\t<\/div>\r\n\t<\/div>\r\n\t\t \t\t\r\n\t<div id=\"ngg-image-9\" class=\"ngg-gallery-thumbnail-box\"  >\r\n\t\t<div class=\"ngg-gallery-thumbnail\" >\r\n\t\t\t<a href=\"https:\/\/www.mica.si\/\/wp-content\/gallery\/doze\/Doza_PE_600ml_z_navojnim_vratom.jpg\" title=\"Cup PE 600ml with screw neck\" class=\"shutterset_set_1\" >\r\n\t\t\t\t\t\t\t\t<img title=\"Cup PE 600ml with screw neck\" alt=\"Cup PE 600ml with screw neck\" src=\"https:\/\/www.mica.si\/\/wp-content\/gallery\/doze\/thumbs\/thumbs_Doza_PE_600ml_z_navojnim_vratom.jpg\" width=\"120\" height=\"120\" \/>\r\n\t\t\t\t\t\t\t<\/a>\r\n\t\t\t<span>Cup PE 600ml with screw neck<\/span>\r\n\t\t<\/div>\r\n\t<\/div>\r\n\t\t \t\t\r\n\t<div id=\"ngg-image-10\" class=\"ngg-gallery-thumbnail-box\"  >\r\n\t\t<div class=\"ngg-gallery-thumbnail\" >\r\n\t\t\t<a href=\"https:\/\/www.mica.si\/\/wp-content\/gallery\/doze\/Doza_PP_500_ml.jpg\" title=\"Cup PP 500 ml\" class=\"shutterset_set_1\" >\r\n\t\t\t\t\t\t\t\t<img title=\" Cup PP 500 ml\" alt=\" Cup PP 500 ml\" src=\"https:\/\/www.mica.si\/\/wp-content\/gallery\/doze\/thumbs\/thumbs_Doza_PP_500_ml.jpg\" width=\"120\" height=\"120\" \/>\r\n\t\t\t\t\t\t\t<\/a>\r\n\t\t\t<span>Cup PP 500 ml<\/span>\r\n\t\t<\/div>\r\n\t<\/div>\r\n\t\t \t \t\r\n\t<!-- Pagination -->\r\n \t<div class='ngg-clear'><\/div>\n \t\r\n<\/div>","protected":false},"excerpt":{"rendered":"","protected":false},"author":1,"featured_media":0,"parent":0,"menu_order":0,"comment_status":"closed","ping_status":"closed","template":"","meta":{"footnotes":""},"yoast_head":"<!-- This site is optimized with the Yoast SEO plugin v20.4 - https:\/\/yoast.com\/wordpress\/plugins\/seo\/ -->\n<title>Packaging - Rupar plastika<\/title>\n<meta name=\"description\" content=\"Embala\u017ea Rupar plastika - doze, embala\u017ea za zdravila, agro program, industrijska embala\u017ea, \u010distilni program, mlekarski program, pet program, osebna nega\" \/>\n<meta name=\"robots\" content=\"index, follow, max-snippet:-1, max-image-preview:large, max-video-preview:-1\" \/>\n<link rel=\"canonical\" href=\"https:\/\/www.mica.si\/SL\/embalaza\/\" \/>\n<meta property=\"og:locale\" content=\"en_US\" \/>\n<meta property=\"og:type\" content=\"article\" \/>\n<meta property=\"og:title\" content=\"[:en]Packaging[:de]Emballage[:SL]Embala\u017ea[:] - Rupar plastika\" \/>\n<meta property=\"og:description\" content=\"Embala\u017ea Rupar plastika - doze, embala\u017ea za zdravila, agro program, industrijska embala\u017ea, \u010distilni program, mlekarski program, pet program, osebna nega\" \/>\n<meta property=\"og:url\" content=\"https:\/\/www.mica.si\/SL\/embalaza\/\" \/>\n<meta property=\"og:site_name\" content=\"Rupar plastika\" \/>\n<meta property=\"article:modified_time\" content=\"2020-05-11T12:16:09+00:00\" \/>\n<meta name=\"twitter:card\" content=\"summary_large_image\" \/>\n<script type=\"application\/ld+json\" class=\"yoast-schema-graph\">{\"@context\":\"https:\/\/schema.org\",\"@graph\":[{\"@type\":\"WebPage\",\"@id\":\"https:\/\/www.mica.si\/SL\/embalaza\/\",\"url\":\"https:\/\/www.mica.si\/SL\/embalaza\/\",\"name\":\"[:en]Packaging[:de]Emballage[:SL]Embala\u017ea[:] - Rupar plastika\",\"isPartOf\":{\"@id\":\"https:\/\/www.mica.si\/de\/#website\"},\"datePublished\":\"2015-10-10T17:57:10+00:00\",\"dateModified\":\"2020-05-11T12:16:09+00:00\",\"description\":\"Embala\u017ea Rupar plastika - doze, embala\u017ea za zdravila, agro program, industrijska embala\u017ea, \u010distilni program, mlekarski program, pet program, osebna nega\",\"breadcrumb\":{\"@id\":\"https:\/\/www.mica.si\/SL\/embalaza\/#breadcrumb\"},\"inLanguage\":\"en-US\",\"potentialAction\":[{\"@type\":\"ReadAction\",\"target\":[\"https:\/\/www.mica.si\/SL\/embalaza\/\"]}]},{\"@type\":\"BreadcrumbList\",\"@id\":\"https:\/\/www.mica.si\/SL\/embalaza\/#breadcrumb\",\"itemListElement\":[{\"@type\":\"ListItem\",\"position\":1,\"name\":\"Home\",\"item\":\"https:\/\/www.mica.si\/de\/\"},{\"@type\":\"ListItem\",\"position\":2,\"name\":\"Embala\u017ea\"}]},{\"@type\":\"WebSite\",\"@id\":\"https:\/\/www.mica.si\/de\/#website\",\"url\":\"https:\/\/www.mica.si\/de\/\",\"name\":\"Rupar plastika\",\"description\":\"Od plastenke do zama\u0161ka\",\"publisher\":{\"@id\":\"https:\/\/www.mica.si\/de\/#organization\"},\"potentialAction\":[{\"@type\":\"SearchAction\",\"target\":{\"@type\":\"EntryPoint\",\"urlTemplate\":\"https:\/\/www.mica.si\/de\/?s={search_term_string}\"},\"query-input\":\"required name=search_term_string\"}],\"inLanguage\":\"en-US\"},{\"@type\":\"Organization\",\"@id\":\"https:\/\/www.mica.si\/de\/#organization\",\"name\":\"Mica d.o.o. | Rupar plastika\",\"url\":\"https:\/\/www.mica.si\/de\/\",\"logo\":{\"@type\":\"ImageObject\",\"inLanguage\":\"en-US\",\"@id\":\"https:\/\/www.mica.si\/de\/#\/schema\/logo\/image\/\",\"url\":\"https:\/\/www.mica.si\/wp-content\/uploads\/2015\/10\/cropped-logo.jpg\",\"contentUrl\":\"https:\/\/www.mica.si\/wp-content\/uploads\/2015\/10\/cropped-logo.jpg\",\"width\":512,\"height\":512,\"caption\":\"Mica d.o.o. | Rupar plastika\"},\"image\":{\"@id\":\"https:\/\/www.mica.si\/de\/#\/schema\/logo\/image\/\"}}]}<\/script>\n<!-- \/ Yoast SEO plugin. -->","yoast_head_json":{"title":"[:en]Packaging[:de]Emballage[:SL]Embala\u017ea[:] - Rupar plastika","description":"Embala\u017ea Rupar plastika - doze, embala\u017ea za zdravila, agro program, industrijska embala\u017ea, \u010distilni program, mlekarski program, pet program, osebna nega","robots":{"index":"index","follow":"follow","max-snippet":"max-snippet:-1","max-image-preview":"max-image-preview:large","max-video-preview":"max-video-preview:-1"},"canonical":"https:\/\/www.mica.si\/SL\/embalaza\/","og_locale":"en_US","og_type":"article","og_title":"[:en]Packaging[:de]Emballage[:SL]Embala\u017ea[:] - Rupar plastika","og_description":"Embala\u017ea Rupar plastika - doze, embala\u017ea za zdravila, agro program, industrijska embala\u017ea, \u010distilni program, mlekarski program, pet program, osebna nega","og_url":"https:\/\/www.mica.si\/SL\/embalaza\/","og_site_name":"Rupar plastika","article_modified_time":"2020-05-11T12:16:09+00:00","twitter_card":"summary_large_image","schema":{"@context":"https:\/\/schema.org","@graph":[{"@type":"WebPage","@id":"https:\/\/www.mica.si\/SL\/embalaza\/","url":"https:\/\/www.mica.si\/SL\/embalaza\/","name":"[:en]Packaging[:de]Emballage[:SL]Embala\u017ea[:] - Rupar plastika","isPartOf":{"@id":"https:\/\/www.mica.si\/de\/#website"},"datePublished":"2015-10-10T17:57:10+00:00","dateModified":"2020-05-11T12:16:09+00:00","description":"Embala\u017ea Rupar plastika - doze, embala\u017ea za zdravila, agro program, industrijska embala\u017ea, \u010distilni program, mlekarski program, pet program, osebna nega","breadcrumb":{"@id":"https:\/\/www.mica.si\/SL\/embalaza\/#breadcrumb"},"inLanguage":"en-US","potentialAction":[{"@type":"ReadAction","target":["https:\/\/www.mica.si\/SL\/embalaza\/"]}]},{"@type":"BreadcrumbList","@id":"https:\/\/www.mica.si\/SL\/embalaza\/#breadcrumb","itemListElement":[{"@type":"ListItem","position":1,"name":"Home","item":"https:\/\/www.mica.si\/de\/"},{"@type":"ListItem","position":2,"name":"Embala\u017ea"}]},{"@type":"WebSite","@id":"https:\/\/www.mica.si\/de\/#website","url":"https:\/\/www.mica.si\/de\/","name":"Rupar plastika","description":"Od plastenke do zama\u0161ka","publisher":{"@id":"https:\/\/www.mica.si\/de\/#organization"},"potentialAction":[{"@type":"SearchAction","target":{"@type":"EntryPoint","urlTemplate":"https:\/\/www.mica.si\/de\/?s={search_term_string}"},"query-input":"required name=search_term_string"}],"inLanguage":"en-US"},{"@type":"Organization","@id":"https:\/\/www.mica.si\/de\/#organization","name":"Mica d.o.o. | Rupar plastika","url":"https:\/\/www.mica.si\/de\/","logo":{"@type":"ImageObject","inLanguage":"en-US","@id":"https:\/\/www.mica.si\/de\/#\/schema\/logo\/image\/","url":"https:\/\/www.mica.si\/wp-content\/uploads\/2015\/10\/cropped-logo.jpg","contentUrl":"https:\/\/www.mica.si\/wp-content\/uploads\/2015\/10\/cropped-logo.jpg","width":512,"height":512,"caption":"Mica d.o.o. | Rupar plastika"},"image":{"@id":"https:\/\/www.mica.si\/de\/#\/schema\/logo\/image\/"}}]}},"jetpack_shortlink":"https:\/\/wp.me\/P6Prec-v","_links":{"self":[{"href":"https:\/\/www.mica.si\/en\/wp-json\/wp\/v2\/pages\/31"}],"collection":[{"href":"https:\/\/www.mica.si\/en\/wp-json\/wp\/v2\/pages"}],"about":[{"href":"https:\/\/www.mica.si\/en\/wp-json\/wp\/v2\/types\/page"}],"author":[{"embeddable":true,"href":"https:\/\/www.mica.si\/en\/wp-json\/wp\/v2\/users\/1"}],"replies":[{"embeddable":true,"href":"https:\/\/www.mica.si\/en\/wp-json\/wp\/v2\/comments?post=31"}],"version-history":[{"count":5,"href":"https:\/\/www.mica.si\/en\/wp-json\/wp\/v2\/pages\/31\/revisions"}],"predecessor-version":[{"id":723,"href":"https:\/\/www.mica.si\/en\/wp-json\/wp\/v2\/pages\/31\/revisions\/723"}],"wp:attachment":[{"href":"https:\/\/www.mica.si\/en\/wp-json\/wp\/v2\/media?parent=31"}],"curies":[{"name":"wp","href":"https:\/\/api.w.org\/{rel}","templated":true}]}}