{"id":96,"date":"2015-10-11T10:43:57","date_gmt":"2015-10-11T10:43:57","guid":{"rendered":"http:\/\/www.bm-design.si\/mica\/?page_id=96"},"modified":"2020-04-01T14:02:41","modified_gmt":"2020-04-01T14:02:41","slug":"o-podjetju","status":"publish","type":"page","link":"https:\/\/www.mica.si\/de\/unternehmen\/","title":{"rendered":"Unternehmen"},"content":{"rendered":"<p><img decoding=\"async\" loading=\"lazy\" class=\"alignright size-full wp-image-107\" src=\"http:\/\/www.mica.si\/wp-content\/uploads\/2015\/10\/ueberUns.jpg\" alt=\"ueberUns\" width=\"227\" height=\"149\" \/>Im Jahr 1978 haben wir uns wegen der Kapazit\u00e4t unserer Werkzeugproduktion entschieden neue Werkzeuge zu bauen; Werkzeuge f\u00fcr Plastikhohlk\u00f6rper.<\/p>\n<p>Seit dem Jahr 1978 als wir die ersten Maschinen gekauft habe erf\u00fchlen wir die W\u00fcnsche in ganz Slowenien und Europa.<\/p>\n<p>Heutige Kunden wollen alles auf einem Platz, deswegen konstruieren wir mit unseren Werkzeugmachern und Designern Plastikhohlk\u00f6rper von der Flasche bis zum Verschluss.<br \/>\n<a href=\"http:\/\/www.mica.si\/wp-content\/uploads\/2020\/04\/rupar_plastika_katalog_splet_2020.pdf\">Sehen Sie sich unseren Produktkatalog an (8,6 Mb).<\/a><\/p>\n<p>Unsere Emballage kann mit Essig, Fruchtsirup, \u00d6l, Herbiziden und anderen, auch aggressiven Fl\u00fcssigkeiten gef\u00fcllt werden. Die Technologie von \u00f6kologisch bewusster Europa ist PET Emballage. Seit Anfang des Jahres 1995 bieten auch wir den Slowenischen Markt diese Emballage an. Mit diesem Schritt, der nicht leicht war, ist auch unsere Produktion in die Europa eingetreten. Rufen Sie uns an, wir k\u00f6nnen ein Treffen vereinbaren an den wir eine L\u00f6sung f\u00fcr Ihre W\u00fcnsche finden werden.<\/p>\n<p><em>Rupar Hilda und Mica mit Besch\u00e4ftigten<\/em><\/p>","protected":false},"excerpt":{"rendered":"<p>Im Jahr 1978 haben wir uns wegen der Kapazit\u00e4t unserer Werkzeugproduktion entschieden neue Werkzeuge zu bauen; Werkzeuge f\u00fcr Plastikhohlk\u00f6rper. Seit dem Jahr 1978 als wir die ersten Maschinen gekauft habe erf\u00fchlen wir die W\u00fcnsche in ganz Slowenien und Europa. Heutige Kunden wollen alles auf einem Platz, deswegen konstruieren wir mit unseren Werkzeugmachern und Designern Plastikhohlk\u00f6rper [&hellip;]<\/p>\n","protected":false},"author":1,"featured_media":0,"parent":0,"menu_order":0,"comment_status":"closed","ping_status":"closed","template":"","meta":{"footnotes":""},"yoast_head":"<!-- This site is optimized with the Yoast SEO plugin v20.4 - https:\/\/yoast.com\/wordpress\/plugins\/seo\/ -->\n<title>Unternehmen - Rupar plastika<\/title>\n<meta name=\"robots\" content=\"index, follow, max-snippet:-1, max-image-preview:large, max-video-preview:-1\" \/>\n<link rel=\"canonical\" href=\"https:\/\/www.mica.si\/SL\/o-podjetju\/\" \/>\n<meta property=\"og:locale\" content=\"de_DE\" \/>\n<meta property=\"og:type\" content=\"article\" \/>\n<meta property=\"og:title\" content=\"[:en]The company[:de]Unternehmen[:SL]O podjetju[:] - Rupar plastika\" \/>\n<meta property=\"og:description\" content=\"Im Jahr 1978 haben wir uns wegen der Kapazit\u00e4t unserer Werkzeugproduktion entschieden neue Werkzeuge zu bauen; Werkzeuge f\u00fcr Plastikhohlk\u00f6rper. Seit dem Jahr 1978 als wir die ersten Maschinen gekauft habe erf\u00fchlen wir die W\u00fcnsche in ganz Slowenien und Europa. Heutige Kunden wollen alles auf einem Platz, deswegen konstruieren wir mit unseren Werkzeugmachern und Designern Plastikhohlk\u00f6rper [&hellip;]\" \/>\n<meta property=\"og:url\" content=\"https:\/\/www.mica.si\/SL\/o-podjetju\/\" \/>\n<meta property=\"og:site_name\" content=\"Rupar plastika\" \/>\n<meta property=\"article:modified_time\" content=\"2020-04-01T14:02:41+00:00\" \/>\n<meta property=\"og:image\" content=\"http:\/\/www.mica.si\/wp-content\/uploads\/2015\/10\/aboutUs.jpg\" \/>\n<meta name=\"twitter:card\" content=\"summary_large_image\" \/>\n<meta name=\"twitter:label1\" content=\"Gesch\u00e4tzte Lesezeit\" \/>\n\t<meta name=\"twitter:data1\" content=\"2\u00a0Minuten\" \/>\n<script type=\"application\/ld+json\" class=\"yoast-schema-graph\">{\"@context\":\"https:\/\/schema.org\",\"@graph\":[{\"@type\":\"WebPage\",\"@id\":\"https:\/\/www.mica.si\/SL\/o-podjetju\/\",\"url\":\"https:\/\/www.mica.si\/SL\/o-podjetju\/\",\"name\":\"[:en]The company[:de]Unternehmen[:SL]O podjetju[:] - Rupar plastika\",\"isPartOf\":{\"@id\":\"https:\/\/www.mica.si\/de\/#website\"},\"datePublished\":\"2015-10-11T10:43:57+00:00\",\"dateModified\":\"2020-04-01T14:02:41+00:00\",\"breadcrumb\":{\"@id\":\"https:\/\/www.mica.si\/SL\/o-podjetju\/#breadcrumb\"},\"inLanguage\":\"de\",\"potentialAction\":[{\"@type\":\"ReadAction\",\"target\":[\"https:\/\/www.mica.si\/SL\/o-podjetju\/\"]}]},{\"@type\":\"BreadcrumbList\",\"@id\":\"https:\/\/www.mica.si\/SL\/o-podjetju\/#breadcrumb\",\"itemListElement\":[{\"@type\":\"ListItem\",\"position\":1,\"name\":\"Home\",\"item\":\"https:\/\/www.mica.si\/de\/\"},{\"@type\":\"ListItem\",\"position\":2,\"name\":\"O podjetju\"}]},{\"@type\":\"WebSite\",\"@id\":\"https:\/\/www.mica.si\/de\/#website\",\"url\":\"https:\/\/www.mica.si\/de\/\",\"name\":\"Rupar plastika\",\"description\":\"Od plastenke do zama\u0161ka\",\"publisher\":{\"@id\":\"https:\/\/www.mica.si\/de\/#organization\"},\"potentialAction\":[{\"@type\":\"SearchAction\",\"target\":{\"@type\":\"EntryPoint\",\"urlTemplate\":\"https:\/\/www.mica.si\/de\/?s={search_term_string}\"},\"query-input\":\"required name=search_term_string\"}],\"inLanguage\":\"de\"},{\"@type\":\"Organization\",\"@id\":\"https:\/\/www.mica.si\/de\/#organization\",\"name\":\"Mica d.o.o. | Rupar plastika\",\"url\":\"https:\/\/www.mica.si\/de\/\",\"logo\":{\"@type\":\"ImageObject\",\"inLanguage\":\"de\",\"@id\":\"https:\/\/www.mica.si\/de\/#\/schema\/logo\/image\/\",\"url\":\"https:\/\/www.mica.si\/wp-content\/uploads\/2015\/10\/cropped-logo.jpg\",\"contentUrl\":\"https:\/\/www.mica.si\/wp-content\/uploads\/2015\/10\/cropped-logo.jpg\",\"width\":512,\"height\":512,\"caption\":\"Mica d.o.o. | Rupar plastika\"},\"image\":{\"@id\":\"https:\/\/www.mica.si\/de\/#\/schema\/logo\/image\/\"}}]}<\/script>\n<!-- \/ Yoast SEO plugin. -->","yoast_head_json":{"title":"[:en]The company[:de]Unternehmen[:SL]O podjetju[:] - Rupar plastika","robots":{"index":"index","follow":"follow","max-snippet":"max-snippet:-1","max-image-preview":"max-image-preview:large","max-video-preview":"max-video-preview:-1"},"canonical":"https:\/\/www.mica.si\/SL\/o-podjetju\/","og_locale":"de_DE","og_type":"article","og_title":"[:en]The company[:de]Unternehmen[:SL]O podjetju[:] - Rupar plastika","og_description":"Im Jahr 1978 haben wir uns wegen der Kapazit\u00e4t unserer Werkzeugproduktion entschieden neue Werkzeuge zu bauen; Werkzeuge f\u00fcr Plastikhohlk\u00f6rper. Seit dem Jahr 1978 als wir die ersten Maschinen gekauft habe erf\u00fchlen wir die W\u00fcnsche in ganz Slowenien und Europa. Heutige Kunden wollen alles auf einem Platz, deswegen konstruieren wir mit unseren Werkzeugmachern und Designern Plastikhohlk\u00f6rper [&hellip;]","og_url":"https:\/\/www.mica.si\/SL\/o-podjetju\/","og_site_name":"Rupar plastika","article_modified_time":"2020-04-01T14:02:41+00:00","og_image":[{"url":"http:\/\/www.mica.si\/wp-content\/uploads\/2015\/10\/aboutUs.jpg"}],"twitter_card":"summary_large_image","twitter_misc":{"Gesch\u00e4tzte Lesezeit":"2\u00a0Minuten"},"schema":{"@context":"https:\/\/schema.org","@graph":[{"@type":"WebPage","@id":"https:\/\/www.mica.si\/SL\/o-podjetju\/","url":"https:\/\/www.mica.si\/SL\/o-podjetju\/","name":"[:en]The company[:de]Unternehmen[:SL]O podjetju[:] - Rupar plastika","isPartOf":{"@id":"https:\/\/www.mica.si\/de\/#website"},"datePublished":"2015-10-11T10:43:57+00:00","dateModified":"2020-04-01T14:02:41+00:00","breadcrumb":{"@id":"https:\/\/www.mica.si\/SL\/o-podjetju\/#breadcrumb"},"inLanguage":"de","potentialAction":[{"@type":"ReadAction","target":["https:\/\/www.mica.si\/SL\/o-podjetju\/"]}]},{"@type":"BreadcrumbList","@id":"https:\/\/www.mica.si\/SL\/o-podjetju\/#breadcrumb","itemListElement":[{"@type":"ListItem","position":1,"name":"Home","item":"https:\/\/www.mica.si\/de\/"},{"@type":"ListItem","position":2,"name":"O podjetju"}]},{"@type":"WebSite","@id":"https:\/\/www.mica.si\/de\/#website","url":"https:\/\/www.mica.si\/de\/","name":"Rupar plastika","description":"Od plastenke do zama\u0161ka","publisher":{"@id":"https:\/\/www.mica.si\/de\/#organization"},"potentialAction":[{"@type":"SearchAction","target":{"@type":"EntryPoint","urlTemplate":"https:\/\/www.mica.si\/de\/?s={search_term_string}"},"query-input":"required name=search_term_string"}],"inLanguage":"de"},{"@type":"Organization","@id":"https:\/\/www.mica.si\/de\/#organization","name":"Mica d.o.o. | Rupar plastika","url":"https:\/\/www.mica.si\/de\/","logo":{"@type":"ImageObject","inLanguage":"de","@id":"https:\/\/www.mica.si\/de\/#\/schema\/logo\/image\/","url":"https:\/\/www.mica.si\/wp-content\/uploads\/2015\/10\/cropped-logo.jpg","contentUrl":"https:\/\/www.mica.si\/wp-content\/uploads\/2015\/10\/cropped-logo.jpg","width":512,"height":512,"caption":"Mica d.o.o. | Rupar plastika"},"image":{"@id":"https:\/\/www.mica.si\/de\/#\/schema\/logo\/image\/"}}]}},"jetpack_shortlink":"https:\/\/wp.me\/P6Prec-1y","_links":{"self":[{"href":"https:\/\/www.mica.si\/de\/wp-json\/wp\/v2\/pages\/96"}],"collection":[{"href":"https:\/\/www.mica.si\/de\/wp-json\/wp\/v2\/pages"}],"about":[{"href":"https:\/\/www.mica.si\/de\/wp-json\/wp\/v2\/types\/page"}],"author":[{"embeddable":true,"href":"https:\/\/www.mica.si\/de\/wp-json\/wp\/v2\/users\/1"}],"replies":[{"embeddable":true,"href":"https:\/\/www.mica.si\/de\/wp-json\/wp\/v2\/comments?post=96"}],"version-history":[{"count":14,"href":"https:\/\/www.mica.si\/de\/wp-json\/wp\/v2\/pages\/96\/revisions"}],"predecessor-version":[{"id":882,"href":"https:\/\/www.mica.si\/de\/wp-json\/wp\/v2\/pages\/96\/revisions\/882"}],"wp:attachment":[{"href":"https:\/\/www.mica.si\/de\/wp-json\/wp\/v2\/media?parent=96"}],"curies":[{"name":"wp","href":"https:\/\/api.w.org\/{rel}","templated":true}]}}