{"id":618,"date":"2015-10-12T13:29:34","date_gmt":"2015-10-12T13:29:34","guid":{"rendered":"http:\/\/www.bm-design.si\/mica\/en\/?page_id=618"},"modified":"2022-09-01T17:25:06","modified_gmt":"2022-09-01T17:25:06","slug":"plastenke-plastika-rupar","status":"publish","type":"page","link":"https:\/\/www.mica.si\/de\/","title":{"rendered":"Homepage"},"content":{"rendered":"<p><\/p>\n<div id=\"embalaza\">\n<h1>Emballage<\/h1>\n<p><img decoding=\"async\" loading=\"lazy\" class=\"alignnone size-full wp-image-103\" src=\"http:\/\/www.mica.si\/wp-content\/uploads\/2015\/10\/emballage.jpg\" alt=\"emballage\" width=\"227\" height=\"149\" \/><\/p>\n<p>&nbsp;<\/p>\n<p>Die Technologie von \u00f6kologisch bewusster Europa ist PET Emballage. Seit dem Jahr 1995 bieten wir diese Emballage unseren Kunden in Slowenien und Europa.<\/p>\n<p>Unsere Emballage kann mit Essig, Wasser, Fruchtsirup, Herbizid und anderen, auch aggressiven Fl\u00fcssigkeiten gef\u00fchlt werden.<\/p>\n<p>Wir bieten Ihnen Gestaltung und Herstellung von Flaschen von 0,2 bis 5 Liter.<\/p>\n<\/div>\n<div id=\"locilo\"><\/div>\n<div id=\"opodjetju\">\n<h1>Unternehmen<\/h1>\n<p><img decoding=\"async\" loading=\"lazy\" class=\"alignnone size-full wp-image-107\" src=\"http:\/\/www.mica.si\/wp-content\/uploads\/2015\/10\/ueberUns.jpg\" alt=\"ueberUns\" width=\"227\" height=\"149\" \/><\/p>\n<p>&nbsp;<\/p>\n<p>Im Jahr 1978 haben wir uns wegen der Kapazit\u00e4t unserer Werkzeugproduktion entschieden neue Werkzeuge zu bauen; Werkzeuge f\u00fcr Plastikhohlk\u00f6rper.<\/p>\n<p>Seit dem Jahr 1978 als wir die ersten Maschinen gekauft habe erf\u00fchlen wir die W\u00fcnsche in ganz Slowenien und Europa.<\/p>\n<p>Heutige Kunden wollen alles auf einem Platz, deswegen konstruieren wir mit unseren Werkzeugmachern und Designern Plastikhohlk\u00f6rper von der Flasche bis zum Verschluss.<\/p>\n<p><a href=\"http:\/\/www.mica.si\/wp-content\/uploads\/2020\/04\/rupar_plastika_katalog_splet_2020.pdf\" target=\"_blank\" rel=\"noopener noreferrer\">Sehen Sie sich unser Produktkatalog an (8,6 Mb)<\/a><\/p>\n<\/div>\n<div id=\"locilo\"><\/div>\n<div id=\"slider\">\n<div id=\"example_4_content\">\n<div class=\"example_4_item\"><a href=\"http:\/\/www.mica.si\/?page_id=630\"><img decoding=\"async\" loading=\"lazy\" class=\"alignnone size-full wp-image-696\" src=\"http:\/\/www.mica.si\/wp-content\/uploads\/2015\/10\/de_dosen.jpg\" alt=\"de_dosen\" width=\"207\" height=\"89\" \/><\/a><\/div>\n<div class=\"example_4_item\"><a href=\"http:\/\/www.mica.si\/?page_id=49\"><img decoding=\"async\" loading=\"lazy\" class=\"alignnone size-full wp-image-691\" src=\"http:\/\/www.mica.si\/wp-content\/uploads\/2015\/10\/de_medikamenten.jpg\" alt=\"de_medikamenten\" width=\"207\" height=\"89\" \/><\/a><\/div>\n<div class=\"example_4_item\"><a href=\"http:\/\/www.mica.si\/?page_id=50\"><img decoding=\"async\" loading=\"lazy\" class=\"alignnone size-full wp-image-695\" src=\"http:\/\/www.mica.si\/wp-content\/uploads\/2015\/10\/de_agroProgramm.jpg\" alt=\"de_agroProgramm\" width=\"207\" height=\"89\" \/><\/a><\/div>\n<div class=\"example_4_item\"><a href=\"http:\/\/www.mica.si\/?page_id=51\"><img decoding=\"async\" loading=\"lazy\" class=\"alignnone size-full wp-image-689\" src=\"http:\/\/www.mica.si\/wp-content\/uploads\/2015\/10\/de_industrieEmballage.jpg\" alt=\"de_industrieEmballage\" width=\"207\" height=\"89\" \/><\/a><\/div>\n<div class=\"example_4_item\"><a href=\"http:\/\/www.mica.si\/?page_id=52\"><img decoding=\"async\" loading=\"lazy\" class=\"alignnone size-full wp-image-694\" src=\"http:\/\/www.mica.si\/wp-content\/uploads\/2015\/10\/de_putzmittel.jpg\" alt=\"de_putzmittel\" width=\"207\" height=\"89\" \/><\/a><\/div>\n<div class=\"example_4_item\"><a href=\"http:\/\/www.mica.si\/?page_id=53\"><img decoding=\"async\" loading=\"lazy\" class=\"alignnone size-full wp-image-692\" src=\"http:\/\/www.mica.si\/wp-content\/uploads\/2015\/10\/de_molkereiProgramm.jpg\" alt=\"de_molkereiProgramm\" width=\"207\" height=\"89\" \/><\/a><\/div>\n<div class=\"example_4_item\"><a href=\"http:\/\/www.mica.si\/?page_id=54\"><img decoding=\"async\" loading=\"lazy\" class=\"alignnone size-full wp-image-693\" src=\"http:\/\/www.mica.si\/wp-content\/uploads\/2015\/10\/de_petProgramm.jpg\" alt=\"de_petProgramm\" width=\"207\" height=\"89\" \/><\/a><\/div>\n<div class=\"example_4_item\"><a href=\"http:\/\/www.mica.si\/?page_id=61\"><img decoding=\"async\" loading=\"lazy\" class=\"alignnone size-full wp-image-690\" src=\"http:\/\/www.mica.si\/wp-content\/uploads\/2015\/10\/de_korperpflege.jpg\" alt=\"de_korperpflege\" width=\"207\" height=\"89\" \/><\/a><\/div>\n<\/div>\n<div id=\"slider_frame\">\n<div id=\"slider_frame\">\n<div id=\"gor\"><!-- Gor --><\/div>\n<div id=\"dol\"><!-- Dol --><\/div>\n<\/div>\n<\/div>\n<\/div>\n<p><a href=\"https:\/\/www.mica.si\/wp-content\/uploads\/2022\/09\/RUPAR_PLASTIKA-ISO_9001_CERTIFICATE_ENG.pdf\" target=\"_blank\" rel=\"noopener noreferrer\"><img decoding=\"async\" id=\"iso\" class=\"alignnone size-full wp-image-809\" src=\"http:\/\/www.mica.si\/wp-content\/uploads\/2015\/10\/BV_Certification_ISO_9001_207.png\" alt=\"bv_certification_iso_9001_240\" \/><\/a><\/p>\n<div class=\"clr\"><\/div>\n<p><\/p>","protected":false},"excerpt":{"rendered":"<p>Emballage &nbsp; Die Technologie von \u00f6kologisch bewusster Europa ist PET Emballage. Seit dem Jahr 1995 bieten wir diese Emballage unseren Kunden in Slowenien und Europa. Unsere Emballage kann mit Essig, Wasser, Fruchtsirup, Herbizid und anderen, auch aggressiven Fl\u00fcssigkeiten gef\u00fchlt werden. Wir bieten Ihnen Gestaltung und Herstellung von Flaschen von 0,2 bis 5 Liter. Unternehmen &nbsp; [&hellip;]<\/p>\n","protected":false},"author":1,"featured_media":0,"parent":0,"menu_order":0,"comment_status":"closed","ping_status":"closed","template":"","meta":{"footnotes":""},"yoast_head":"<!-- This site is optimized with the Yoast SEO plugin v20.4 - https:\/\/yoast.com\/wordpress\/plugins\/seo\/ -->\n<title>Rupar plastika<\/title>\n<meta name=\"description\" content=\"Plasti\u010dna embala\u017ea in plastenke Rupar plastika\" \/>\n<meta name=\"robots\" content=\"index, follow, max-snippet:-1, max-image-preview:large, max-video-preview:-1\" \/>\n<link rel=\"canonical\" href=\"https:\/\/www.mica.si\/de\/\" \/>\n<meta property=\"og:locale\" content=\"de_DE\" \/>\n<meta property=\"og:type\" content=\"article\" \/>\n<meta property=\"og:title\" content=\"Rupar plastika\" \/>\n<meta property=\"og:description\" content=\"Plasti\u010dna embala\u017ea in plastenke Rupar plastika\" \/>\n<meta property=\"og:url\" content=\"https:\/\/www.mica.si\/de\/\" \/>\n<meta property=\"og:site_name\" content=\"Rupar plastika\" \/>\n<meta property=\"article:modified_time\" content=\"2022-09-01T17:25:06+00:00\" \/>\n<meta property=\"og:image\" content=\"http:\/\/www.mica.si\/wp-content\/uploads\/2015\/10\/packaging.jpg\" \/>\n<meta name=\"twitter:card\" content=\"summary_large_image\" \/>\n<meta name=\"twitter:label1\" content=\"Gesch\u00e4tzte Lesezeit\" \/>\n\t<meta name=\"twitter:data1\" content=\"3\u00a0Minuten\" \/>\n<script type=\"application\/ld+json\" class=\"yoast-schema-graph\">{\"@context\":\"https:\/\/schema.org\",\"@graph\":[{\"@type\":\"WebPage\",\"@id\":\"https:\/\/www.mica.si\/de\/\",\"url\":\"https:\/\/www.mica.si\/de\/\",\"name\":\"Rupar plastika\",\"isPartOf\":{\"@id\":\"https:\/\/www.mica.si\/de\/#website\"},\"datePublished\":\"2015-10-12T13:29:34+00:00\",\"dateModified\":\"2022-09-01T17:25:06+00:00\",\"description\":\"Plasti\u010dna embala\u017ea in plastenke Rupar plastika\",\"breadcrumb\":{\"@id\":\"https:\/\/www.mica.si\/de\/#breadcrumb\"},\"inLanguage\":\"de\",\"potentialAction\":[{\"@type\":\"ReadAction\",\"target\":[\"https:\/\/www.mica.si\/de\/\"]}]},{\"@type\":\"BreadcrumbList\",\"@id\":\"https:\/\/www.mica.si\/de\/#breadcrumb\",\"itemListElement\":[{\"@type\":\"ListItem\",\"position\":1,\"name\":\"Home\",\"item\":\"https:\/\/www.mica.si\/de\/\"},{\"@type\":\"ListItem\",\"position\":2,\"name\":\"Homepage\"}]},{\"@type\":\"WebSite\",\"@id\":\"https:\/\/www.mica.si\/de\/#website\",\"url\":\"https:\/\/www.mica.si\/de\/\",\"name\":\"Rupar plastika\",\"description\":\"Od plastenke do zama\u0161ka\",\"publisher\":{\"@id\":\"https:\/\/www.mica.si\/de\/#organization\"},\"potentialAction\":[{\"@type\":\"SearchAction\",\"target\":{\"@type\":\"EntryPoint\",\"urlTemplate\":\"https:\/\/www.mica.si\/de\/?s={search_term_string}\"},\"query-input\":\"required name=search_term_string\"}],\"inLanguage\":\"de\"},{\"@type\":\"Organization\",\"@id\":\"https:\/\/www.mica.si\/de\/#organization\",\"name\":\"Mica d.o.o. | Rupar plastika\",\"url\":\"https:\/\/www.mica.si\/de\/\",\"logo\":{\"@type\":\"ImageObject\",\"inLanguage\":\"de\",\"@id\":\"https:\/\/www.mica.si\/de\/#\/schema\/logo\/image\/\",\"url\":\"https:\/\/www.mica.si\/wp-content\/uploads\/2015\/10\/cropped-logo.jpg\",\"contentUrl\":\"https:\/\/www.mica.si\/wp-content\/uploads\/2015\/10\/cropped-logo.jpg\",\"width\":512,\"height\":512,\"caption\":\"Mica d.o.o. | Rupar plastika\"},\"image\":{\"@id\":\"https:\/\/www.mica.si\/de\/#\/schema\/logo\/image\/\"}}]}<\/script>\n<!-- \/ Yoast SEO plugin. -->","yoast_head_json":{"title":"Rupar plastika","description":"Plasti\u010dna embala\u017ea in plastenke Rupar plastika","robots":{"index":"index","follow":"follow","max-snippet":"max-snippet:-1","max-image-preview":"max-image-preview:large","max-video-preview":"max-video-preview:-1"},"canonical":"https:\/\/www.mica.si\/de\/","og_locale":"de_DE","og_type":"article","og_title":"Rupar plastika","og_description":"Plasti\u010dna embala\u017ea in plastenke Rupar plastika","og_url":"https:\/\/www.mica.si\/de\/","og_site_name":"Rupar plastika","article_modified_time":"2022-09-01T17:25:06+00:00","og_image":[{"url":"http:\/\/www.mica.si\/wp-content\/uploads\/2015\/10\/packaging.jpg"}],"twitter_card":"summary_large_image","twitter_misc":{"Gesch\u00e4tzte Lesezeit":"3\u00a0Minuten"},"schema":{"@context":"https:\/\/schema.org","@graph":[{"@type":"WebPage","@id":"https:\/\/www.mica.si\/de\/","url":"https:\/\/www.mica.si\/de\/","name":"Rupar plastika","isPartOf":{"@id":"https:\/\/www.mica.si\/de\/#website"},"datePublished":"2015-10-12T13:29:34+00:00","dateModified":"2022-09-01T17:25:06+00:00","description":"Plasti\u010dna embala\u017ea in plastenke Rupar plastika","breadcrumb":{"@id":"https:\/\/www.mica.si\/de\/#breadcrumb"},"inLanguage":"de","potentialAction":[{"@type":"ReadAction","target":["https:\/\/www.mica.si\/de\/"]}]},{"@type":"BreadcrumbList","@id":"https:\/\/www.mica.si\/de\/#breadcrumb","itemListElement":[{"@type":"ListItem","position":1,"name":"Home","item":"https:\/\/www.mica.si\/de\/"},{"@type":"ListItem","position":2,"name":"Homepage"}]},{"@type":"WebSite","@id":"https:\/\/www.mica.si\/de\/#website","url":"https:\/\/www.mica.si\/de\/","name":"Rupar plastika","description":"Od plastenke do zama\u0161ka","publisher":{"@id":"https:\/\/www.mica.si\/de\/#organization"},"potentialAction":[{"@type":"SearchAction","target":{"@type":"EntryPoint","urlTemplate":"https:\/\/www.mica.si\/de\/?s={search_term_string}"},"query-input":"required name=search_term_string"}],"inLanguage":"de"},{"@type":"Organization","@id":"https:\/\/www.mica.si\/de\/#organization","name":"Mica d.o.o. | Rupar plastika","url":"https:\/\/www.mica.si\/de\/","logo":{"@type":"ImageObject","inLanguage":"de","@id":"https:\/\/www.mica.si\/de\/#\/schema\/logo\/image\/","url":"https:\/\/www.mica.si\/wp-content\/uploads\/2015\/10\/cropped-logo.jpg","contentUrl":"https:\/\/www.mica.si\/wp-content\/uploads\/2015\/10\/cropped-logo.jpg","width":512,"height":512,"caption":"Mica d.o.o. | Rupar plastika"},"image":{"@id":"https:\/\/www.mica.si\/de\/#\/schema\/logo\/image\/"}}]}},"jetpack_shortlink":"https:\/\/wp.me\/P6Prec-9Y","_links":{"self":[{"href":"https:\/\/www.mica.si\/de\/wp-json\/wp\/v2\/pages\/618"}],"collection":[{"href":"https:\/\/www.mica.si\/de\/wp-json\/wp\/v2\/pages"}],"about":[{"href":"https:\/\/www.mica.si\/de\/wp-json\/wp\/v2\/types\/page"}],"author":[{"embeddable":true,"href":"https:\/\/www.mica.si\/de\/wp-json\/wp\/v2\/users\/1"}],"replies":[{"embeddable":true,"href":"https:\/\/www.mica.si\/de\/wp-json\/wp\/v2\/comments?post=618"}],"version-history":[{"count":34,"href":"https:\/\/www.mica.si\/de\/wp-json\/wp\/v2\/pages\/618\/revisions"}],"predecessor-version":[{"id":911,"href":"https:\/\/www.mica.si\/de\/wp-json\/wp\/v2\/pages\/618\/revisions\/911"}],"wp:attachment":[{"href":"https:\/\/www.mica.si\/de\/wp-json\/wp\/v2\/media?parent=618"}],"curies":[{"name":"wp","href":"https:\/\/api.w.org\/{rel}","templated":true}]}}