{"id":96,"date":"2015-10-11T10:43:57","date_gmt":"2015-10-11T10:43:57","guid":{"rendered":"http:\/\/www.bm-design.si\/mica\/?page_id=96"},"modified":"2020-04-01T14:02:41","modified_gmt":"2020-04-01T14:02:41","slug":"o-podjetju","status":"publish","type":"page","link":"https:\/\/www.mica.si\/SL\/o-podjetju\/","title":{"rendered":"O podjetju"},"content":{"rendered":"<p><a href=\"http:\/\/www.mica.si\/wp-content\/uploads\/2015\/10\/oPodjetju.jpg\"><img decoding=\"async\" loading=\"lazy\" class=\"alignright wp-image-105 size-full\" src=\"http:\/\/www.mica.si\/wp-content\/uploads\/2015\/10\/oPodjetju.jpg\" alt=\"oPodjetju\" width=\"227\" height=\"149\" \/><\/a>V letu 1978 smo se zaradi kapacitet orodjarne in njene kvalitete odlo\u010dili, da za\u010dnemo razvijati nova orodja; orodja za pihano plastiko.<\/p>\n<p>Od nakupa prvih strojev za pihanje leta 1978 zadovoljujemo kupce na\u0161e embala\u017ee po celi Sloveniji.<\/p>\n<p>Sedanji kupec \u017eeli imeti vse na enem mestu, zato skupaj z na\u0161imi orodjarji in oblikovalci na\u010drtujemo in izdelamo pihano embala\u017eo od plastenke do zama\u0161ka.<\/p>\n<p><a href=\"http:\/\/www.mica.si\/wp-content\/uploads\/2020\/04\/rupar_plastika_katalog_splet_2020.pdf\">Oglejte si na\u0161 celoten katalog izdelkov (8,6 Mb)<\/a><\/p>\n<p>V na\u0161o embala\u017eo lahko polnite kis, sadni sirup, olja, herbicide in tudi druge teko\u010dine, vklju\u010dno z agresivnimi snovmi. Tehnologija ekolo\u0161ko osve\u0161\u010dene Evrope je ekolo\u0161ko razgradljiva PET embala\u017ea. V za\u010detku leta 1995 smo tudi mi ponudili Slovenskemu trgu to embala\u017eo. S tem korakom, ki ni lahek je tudi na\u0161a obratovalnica stopila v Evropo. Ne bo vam \u017eal, \u010de nas pokli\u010dete, da se skupaj dogovorimo za sestanek in posku\u0161amo zadovoljiti va\u0161e potrebe in \u017eelje glede oblikovanja in aizdelave embala\u017ee od 0.2, do 5 litrov.<\/p>\n<p><em>Rupar Hilda in Mica s sodelavci<\/em><\/p>","protected":false},"excerpt":{"rendered":"<p>V letu 1978 smo se zaradi kapacitet orodjarne in njene kvalitete odlo\u010dili, da za\u010dnemo razvijati nova orodja; orodja za pihano plastiko. Od nakupa prvih strojev za pihanje leta 1978 zadovoljujemo kupce na\u0161e embala\u017ee po celi Sloveniji. Sedanji kupec \u017eeli imeti vse na enem mestu, zato skupaj z na\u0161imi orodjarji in oblikovalci na\u010drtujemo in izdelamo pihano [&hellip;]<\/p>\n","protected":false},"author":1,"featured_media":0,"parent":0,"menu_order":0,"comment_status":"closed","ping_status":"closed","template":"","meta":{"footnotes":""},"yoast_head":"<!-- This site is optimized with the Yoast SEO plugin v20.4 - https:\/\/yoast.com\/wordpress\/plugins\/seo\/ -->\n<title>O podjetju - Rupar plastika<\/title>\n<meta name=\"robots\" content=\"index, follow, max-snippet:-1, max-image-preview:large, max-video-preview:-1\" \/>\n<link rel=\"canonical\" href=\"https:\/\/www.mica.si\/SL\/o-podjetju\/\" \/>\n<meta property=\"og:locale\" content=\"sl_SI\" \/>\n<meta property=\"og:type\" content=\"article\" \/>\n<meta property=\"og:title\" content=\"[:en]The company[:de]Unternehmen[:SL]O podjetju[:] - Rupar plastika\" \/>\n<meta property=\"og:description\" content=\"V letu 1978 smo se zaradi kapacitet orodjarne in njene kvalitete odlo\u010dili, da za\u010dnemo razvijati nova orodja; orodja za pihano plastiko. Od nakupa prvih strojev za pihanje leta 1978 zadovoljujemo kupce na\u0161e embala\u017ee po celi Sloveniji. Sedanji kupec \u017eeli imeti vse na enem mestu, zato skupaj z na\u0161imi orodjarji in oblikovalci na\u010drtujemo in izdelamo pihano [&hellip;]\" \/>\n<meta property=\"og:url\" content=\"https:\/\/www.mica.si\/SL\/o-podjetju\/\" \/>\n<meta property=\"og:site_name\" content=\"Rupar plastika\" \/>\n<meta property=\"article:modified_time\" content=\"2020-04-01T14:02:41+00:00\" \/>\n<meta property=\"og:image\" content=\"http:\/\/www.mica.si\/wp-content\/uploads\/2015\/10\/aboutUs.jpg\" \/>\n<meta name=\"twitter:card\" content=\"summary_large_image\" \/>\n<meta name=\"twitter:label1\" content=\"Est. reading time\" \/>\n\t<meta name=\"twitter:data1\" content=\"2 minuti\" \/>\n<script type=\"application\/ld+json\" class=\"yoast-schema-graph\">{\"@context\":\"https:\/\/schema.org\",\"@graph\":[{\"@type\":\"WebPage\",\"@id\":\"https:\/\/www.mica.si\/SL\/o-podjetju\/\",\"url\":\"https:\/\/www.mica.si\/SL\/o-podjetju\/\",\"name\":\"[:en]The company[:de]Unternehmen[:SL]O podjetju[:] - Rupar plastika\",\"isPartOf\":{\"@id\":\"https:\/\/www.mica.si\/de\/#website\"},\"datePublished\":\"2015-10-11T10:43:57+00:00\",\"dateModified\":\"2020-04-01T14:02:41+00:00\",\"breadcrumb\":{\"@id\":\"https:\/\/www.mica.si\/SL\/o-podjetju\/#breadcrumb\"},\"inLanguage\":\"sl-SI\",\"potentialAction\":[{\"@type\":\"ReadAction\",\"target\":[\"https:\/\/www.mica.si\/SL\/o-podjetju\/\"]}]},{\"@type\":\"BreadcrumbList\",\"@id\":\"https:\/\/www.mica.si\/SL\/o-podjetju\/#breadcrumb\",\"itemListElement\":[{\"@type\":\"ListItem\",\"position\":1,\"name\":\"Home\",\"item\":\"https:\/\/www.mica.si\/de\/\"},{\"@type\":\"ListItem\",\"position\":2,\"name\":\"O podjetju\"}]},{\"@type\":\"WebSite\",\"@id\":\"https:\/\/www.mica.si\/de\/#website\",\"url\":\"https:\/\/www.mica.si\/de\/\",\"name\":\"Rupar plastika\",\"description\":\"Od plastenke do zama\u0161ka\",\"publisher\":{\"@id\":\"https:\/\/www.mica.si\/de\/#organization\"},\"potentialAction\":[{\"@type\":\"SearchAction\",\"target\":{\"@type\":\"EntryPoint\",\"urlTemplate\":\"https:\/\/www.mica.si\/de\/?s={search_term_string}\"},\"query-input\":\"required name=search_term_string\"}],\"inLanguage\":\"sl-SI\"},{\"@type\":\"Organization\",\"@id\":\"https:\/\/www.mica.si\/de\/#organization\",\"name\":\"Mica d.o.o. | Rupar plastika\",\"url\":\"https:\/\/www.mica.si\/de\/\",\"logo\":{\"@type\":\"ImageObject\",\"inLanguage\":\"sl-SI\",\"@id\":\"https:\/\/www.mica.si\/de\/#\/schema\/logo\/image\/\",\"url\":\"https:\/\/www.mica.si\/wp-content\/uploads\/2015\/10\/cropped-logo.jpg\",\"contentUrl\":\"https:\/\/www.mica.si\/wp-content\/uploads\/2015\/10\/cropped-logo.jpg\",\"width\":512,\"height\":512,\"caption\":\"Mica d.o.o. | Rupar plastika\"},\"image\":{\"@id\":\"https:\/\/www.mica.si\/de\/#\/schema\/logo\/image\/\"}}]}<\/script>\n<!-- \/ Yoast SEO plugin. -->","yoast_head_json":{"title":"[:en]The company[:de]Unternehmen[:SL]O podjetju[:] - Rupar plastika","robots":{"index":"index","follow":"follow","max-snippet":"max-snippet:-1","max-image-preview":"max-image-preview:large","max-video-preview":"max-video-preview:-1"},"canonical":"https:\/\/www.mica.si\/SL\/o-podjetju\/","og_locale":"sl_SI","og_type":"article","og_title":"[:en]The company[:de]Unternehmen[:SL]O podjetju[:] - Rupar plastika","og_description":"V letu 1978 smo se zaradi kapacitet orodjarne in njene kvalitete odlo\u010dili, da za\u010dnemo razvijati nova orodja; orodja za pihano plastiko. Od nakupa prvih strojev za pihanje leta 1978 zadovoljujemo kupce na\u0161e embala\u017ee po celi Sloveniji. Sedanji kupec \u017eeli imeti vse na enem mestu, zato skupaj z na\u0161imi orodjarji in oblikovalci na\u010drtujemo in izdelamo pihano [&hellip;]","og_url":"https:\/\/www.mica.si\/SL\/o-podjetju\/","og_site_name":"Rupar plastika","article_modified_time":"2020-04-01T14:02:41+00:00","og_image":[{"url":"http:\/\/www.mica.si\/wp-content\/uploads\/2015\/10\/aboutUs.jpg"}],"twitter_card":"summary_large_image","twitter_misc":{"Est. reading time":"2 minuti"},"schema":{"@context":"https:\/\/schema.org","@graph":[{"@type":"WebPage","@id":"https:\/\/www.mica.si\/SL\/o-podjetju\/","url":"https:\/\/www.mica.si\/SL\/o-podjetju\/","name":"[:en]The company[:de]Unternehmen[:SL]O podjetju[:] - Rupar plastika","isPartOf":{"@id":"https:\/\/www.mica.si\/de\/#website"},"datePublished":"2015-10-11T10:43:57+00:00","dateModified":"2020-04-01T14:02:41+00:00","breadcrumb":{"@id":"https:\/\/www.mica.si\/SL\/o-podjetju\/#breadcrumb"},"inLanguage":"sl-SI","potentialAction":[{"@type":"ReadAction","target":["https:\/\/www.mica.si\/SL\/o-podjetju\/"]}]},{"@type":"BreadcrumbList","@id":"https:\/\/www.mica.si\/SL\/o-podjetju\/#breadcrumb","itemListElement":[{"@type":"ListItem","position":1,"name":"Home","item":"https:\/\/www.mica.si\/de\/"},{"@type":"ListItem","position":2,"name":"O podjetju"}]},{"@type":"WebSite","@id":"https:\/\/www.mica.si\/de\/#website","url":"https:\/\/www.mica.si\/de\/","name":"Rupar plastika","description":"Od plastenke do zama\u0161ka","publisher":{"@id":"https:\/\/www.mica.si\/de\/#organization"},"potentialAction":[{"@type":"SearchAction","target":{"@type":"EntryPoint","urlTemplate":"https:\/\/www.mica.si\/de\/?s={search_term_string}"},"query-input":"required name=search_term_string"}],"inLanguage":"sl-SI"},{"@type":"Organization","@id":"https:\/\/www.mica.si\/de\/#organization","name":"Mica d.o.o. | Rupar plastika","url":"https:\/\/www.mica.si\/de\/","logo":{"@type":"ImageObject","inLanguage":"sl-SI","@id":"https:\/\/www.mica.si\/de\/#\/schema\/logo\/image\/","url":"https:\/\/www.mica.si\/wp-content\/uploads\/2015\/10\/cropped-logo.jpg","contentUrl":"https:\/\/www.mica.si\/wp-content\/uploads\/2015\/10\/cropped-logo.jpg","width":512,"height":512,"caption":"Mica d.o.o. | Rupar plastika"},"image":{"@id":"https:\/\/www.mica.si\/de\/#\/schema\/logo\/image\/"}}]}},"jetpack_shortlink":"https:\/\/wp.me\/P6Prec-1y","_links":{"self":[{"href":"https:\/\/www.mica.si\/SL\/wp-json\/wp\/v2\/pages\/96"}],"collection":[{"href":"https:\/\/www.mica.si\/SL\/wp-json\/wp\/v2\/pages"}],"about":[{"href":"https:\/\/www.mica.si\/SL\/wp-json\/wp\/v2\/types\/page"}],"author":[{"embeddable":true,"href":"https:\/\/www.mica.si\/SL\/wp-json\/wp\/v2\/users\/1"}],"replies":[{"embeddable":true,"href":"https:\/\/www.mica.si\/SL\/wp-json\/wp\/v2\/comments?post=96"}],"version-history":[{"count":14,"href":"https:\/\/www.mica.si\/SL\/wp-json\/wp\/v2\/pages\/96\/revisions"}],"predecessor-version":[{"id":882,"href":"https:\/\/www.mica.si\/SL\/wp-json\/wp\/v2\/pages\/96\/revisions\/882"}],"wp:attachment":[{"href":"https:\/\/www.mica.si\/SL\/wp-json\/wp\/v2\/media?parent=96"}],"curies":[{"name":"wp","href":"https:\/\/api.w.org\/{rel}","templated":true}]}}