{"id":923,"date":"2023-07-11T07:52:14","date_gmt":"2023-07-11T07:52:14","guid":{"rendered":"http:\/\/www.mica.si\/SL\/center-zasebnosti\/piskotki\/"},"modified":"2023-07-14T12:32:26","modified_gmt":"2023-07-14T12:32:26","slug":"piskotki","status":"publish","type":"page","link":"https:\/\/www.mica.si\/SL\/center-zasebnosti\/piskotki\/","title":{"rendered":"Pi\u0161kotki"},"content":{"rendered":"<p><\/p>\n<h2>Kaj so pi\u0161kotki?<\/h2>\n<p>Pi\u0161kotki so male besedilne datoteke, ki jih ve\u00c4\u008dina spletnih mest shrani v naprave uporabnikov, s katerimi dostopajo do interneta. Sam pi\u0161kotek ne vsebuje ali zbira informacij. \u010ce pa ga prebere stre\u017enik skupaj s spletnim brskalnikom, je to lahko spletnemu mestu v pomo\u010d\u008d pri izvajanju uporabniku prijaznej\u0161ih storitev \u2013 na primer tako, da se spomni prej\u0161njih nakupov ali podatkov o uporabnikovem ra\u010d\u008dunu. Samo stre\u017enik, ki je poslal pi\u0161kotek, lahko prebere in uporablja ta pi\u0161kotek. Na spletnem mestu, vrednem zaupanja, lahko tako pi\u0161kotki obogatijo izku\u0161njo. Interakcija med spletnim uporabnikom in spletnim mestom je tako s pomo\u00c4\u008djo pi\u0161kotkov hitrej\u0161a in enostavnej\u0161a.<\/p>\n<p>Nekaj konkretnih primerov uporabe pi\u0161kotkov:<\/p>\n<ul>\n<li>za bolj\u0161o uporabni\u0161ko izku\u0161njo spletne strani obiskovalcem prilagodimo prikaz vsebine glede na pretekle obiske<\/li>\n<li>za shranjevanje izbire pri ustvarjanju o\u017ejega izbora naprav in ponudbe ter njihove primerjave<\/li>\n<li>na delih spletnih mestih, kjer je potrebna prijava, vas ohranimo prijavljene<\/li>\n<li>za prepoznavanje va\u0161e naprave (ra\u010d\u008dunalnik, tablica, mobitel), ki omogo\u010d\u008da prilagajanje prikaza vsebine va\u0161i napravi<\/li>\n<li>za spremljanje obiska, kar omogo\u010d\u008da preverjanje u\u010d\u008dinkovitosti prikaza vsebin in ustreznosti oglasov ter stalno izbolj\u0161avo spletnih strani<\/li>\n<li>za delovanje dolo\u010d\u008denih storitev so nujni (npr. spletne banke, spletne trgovine in druge oblike e-poslovanja, \u2026)<\/li>\n<\/ul>\n<p><strong>Kater pi\u0161kotke uporabljamo?<br \/>\n<\/strong>Uporabljamo nujne in analiti\u010dne pi\u0161kotke.<\/p>\n<p><strong>Kako upravljati in onemogo\u010d\u008diti pi\u0161kotke<\/strong><br \/>\nShranjevanje pi\u0161kotkov je pod va\u0161im popolnim nadzorom, saj lahko v brskalniku, ali na <a class=\"wordpress-gdpr-open-privacy-settings-modal\" href=\"#\">spletni strani<\/a> hranjenje pi\u0161kotkov omejite ali onemogo\u010d\u008dite.<\/p>","protected":false},"excerpt":{"rendered":"<p>Kaj so pi\u0161kotki? Pi\u0161kotki so male besedilne datoteke, ki jih ve\u00c4\u008dina spletnih mest shrani v naprave uporabnikov, s katerimi dostopajo do interneta. Sam pi\u0161kotek ne vsebuje ali zbira informacij. \u010ce pa ga prebere stre\u017enik skupaj s spletnim brskalnikom, je to lahko spletnemu mestu v pomo\u010d\u008d pri izvajanju uporabniku prijaznej\u0161ih storitev \u2013 na primer tako, da [&hellip;]<\/p>\n","protected":false},"author":1,"featured_media":0,"parent":921,"menu_order":0,"comment_status":"closed","ping_status":"closed","template":"","meta":{"footnotes":""},"yoast_head":"<!-- This site is optimized with the Yoast SEO plugin v20.4 - https:\/\/yoast.com\/wordpress\/plugins\/seo\/ -->\n<title>Pi\u0161kotki - Rupar plastika<\/title>\n<meta name=\"robots\" content=\"index, follow, max-snippet:-1, max-image-preview:large, max-video-preview:-1\" \/>\n<link rel=\"canonical\" href=\"http:\/\/www.mica.si\/SL\/center-zasebnosti\/piskotki\/\" \/>\n<meta property=\"og:locale\" content=\"sl_SI\" \/>\n<meta property=\"og:type\" content=\"article\" \/>\n<meta property=\"og:title\" content=\"Pi\u0161kotki - Rupar plastika\" \/>\n<meta property=\"og:description\" content=\"Kaj so pi\u0161kotki? Pi\u0161kotki so male besedilne datoteke, ki jih ve\u00c4\u008dina spletnih mest shrani v naprave uporabnikov, s katerimi dostopajo do interneta. Sam pi\u0161kotek ne vsebuje ali zbira informacij. \u010ce pa ga prebere stre\u017enik skupaj s spletnim brskalnikom, je to lahko spletnemu mestu v pomo\u010d\u008d pri izvajanju uporabniku prijaznej\u0161ih storitev \u2013 na primer tako, da [&hellip;]\" \/>\n<meta property=\"og:url\" content=\"http:\/\/www.mica.si\/SL\/center-zasebnosti\/piskotki\/\" \/>\n<meta property=\"og:site_name\" content=\"Rupar plastika\" \/>\n<meta property=\"article:modified_time\" content=\"2023-07-14T12:32:26+00:00\" \/>\n<meta name=\"twitter:card\" content=\"summary_large_image\" \/>\n<meta name=\"twitter:label1\" content=\"Est. reading time\" \/>\n\t<meta name=\"twitter:data1\" content=\"2 minuti\" \/>\n<script type=\"application\/ld+json\" class=\"yoast-schema-graph\">{\"@context\":\"https:\/\/schema.org\",\"@graph\":[{\"@type\":\"WebPage\",\"@id\":\"http:\/\/www.mica.si\/SL\/center-zasebnosti\/piskotki\/\",\"url\":\"http:\/\/www.mica.si\/SL\/center-zasebnosti\/piskotki\/\",\"name\":\"Pi\u0161kotki - Rupar plastika\",\"isPartOf\":{\"@id\":\"https:\/\/www.mica.si\/de\/#website\"},\"datePublished\":\"2023-07-11T07:52:14+00:00\",\"dateModified\":\"2023-07-14T12:32:26+00:00\",\"breadcrumb\":{\"@id\":\"http:\/\/www.mica.si\/SL\/center-zasebnosti\/piskotki\/#breadcrumb\"},\"inLanguage\":\"sl-SI\",\"potentialAction\":[{\"@type\":\"ReadAction\",\"target\":[\"http:\/\/www.mica.si\/SL\/center-zasebnosti\/piskotki\/\"]}]},{\"@type\":\"BreadcrumbList\",\"@id\":\"http:\/\/www.mica.si\/SL\/center-zasebnosti\/piskotki\/#breadcrumb\",\"itemListElement\":[{\"@type\":\"ListItem\",\"position\":1,\"name\":\"Home\",\"item\":\"https:\/\/www.mica.si\/de\/\"},{\"@type\":\"ListItem\",\"position\":2,\"name\":\"Center zasebnosti\",\"item\":\"http:\/\/www.mica.si\/SL\/center-zasebnosti\/\"},{\"@type\":\"ListItem\",\"position\":3,\"name\":\"Pi\u0161kotki\"}]},{\"@type\":\"WebSite\",\"@id\":\"https:\/\/www.mica.si\/de\/#website\",\"url\":\"https:\/\/www.mica.si\/de\/\",\"name\":\"Rupar plastika\",\"description\":\"Od plastenke do zama\u0161ka\",\"publisher\":{\"@id\":\"https:\/\/www.mica.si\/de\/#organization\"},\"potentialAction\":[{\"@type\":\"SearchAction\",\"target\":{\"@type\":\"EntryPoint\",\"urlTemplate\":\"https:\/\/www.mica.si\/de\/?s={search_term_string}\"},\"query-input\":\"required name=search_term_string\"}],\"inLanguage\":\"sl-SI\"},{\"@type\":\"Organization\",\"@id\":\"https:\/\/www.mica.si\/de\/#organization\",\"name\":\"Mica d.o.o. | Rupar plastika\",\"url\":\"https:\/\/www.mica.si\/de\/\",\"logo\":{\"@type\":\"ImageObject\",\"inLanguage\":\"sl-SI\",\"@id\":\"https:\/\/www.mica.si\/de\/#\/schema\/logo\/image\/\",\"url\":\"https:\/\/www.mica.si\/wp-content\/uploads\/2015\/10\/cropped-logo.jpg\",\"contentUrl\":\"https:\/\/www.mica.si\/wp-content\/uploads\/2015\/10\/cropped-logo.jpg\",\"width\":512,\"height\":512,\"caption\":\"Mica d.o.o. | Rupar plastika\"},\"image\":{\"@id\":\"https:\/\/www.mica.si\/de\/#\/schema\/logo\/image\/\"}}]}<\/script>\n<!-- \/ Yoast SEO plugin. -->","yoast_head_json":{"title":"Pi\u0161kotki - Rupar plastika","robots":{"index":"index","follow":"follow","max-snippet":"max-snippet:-1","max-image-preview":"max-image-preview:large","max-video-preview":"max-video-preview:-1"},"canonical":"http:\/\/www.mica.si\/SL\/center-zasebnosti\/piskotki\/","og_locale":"sl_SI","og_type":"article","og_title":"Pi\u0161kotki - Rupar plastika","og_description":"Kaj so pi\u0161kotki? Pi\u0161kotki so male besedilne datoteke, ki jih ve\u00c4\u008dina spletnih mest shrani v naprave uporabnikov, s katerimi dostopajo do interneta. Sam pi\u0161kotek ne vsebuje ali zbira informacij. \u010ce pa ga prebere stre\u017enik skupaj s spletnim brskalnikom, je to lahko spletnemu mestu v pomo\u010d\u008d pri izvajanju uporabniku prijaznej\u0161ih storitev \u2013 na primer tako, da [&hellip;]","og_url":"http:\/\/www.mica.si\/SL\/center-zasebnosti\/piskotki\/","og_site_name":"Rupar plastika","article_modified_time":"2023-07-14T12:32:26+00:00","twitter_card":"summary_large_image","twitter_misc":{"Est. reading time":"2 minuti"},"schema":{"@context":"https:\/\/schema.org","@graph":[{"@type":"WebPage","@id":"http:\/\/www.mica.si\/SL\/center-zasebnosti\/piskotki\/","url":"http:\/\/www.mica.si\/SL\/center-zasebnosti\/piskotki\/","name":"Pi\u0161kotki - Rupar plastika","isPartOf":{"@id":"https:\/\/www.mica.si\/de\/#website"},"datePublished":"2023-07-11T07:52:14+00:00","dateModified":"2023-07-14T12:32:26+00:00","breadcrumb":{"@id":"http:\/\/www.mica.si\/SL\/center-zasebnosti\/piskotki\/#breadcrumb"},"inLanguage":"sl-SI","potentialAction":[{"@type":"ReadAction","target":["http:\/\/www.mica.si\/SL\/center-zasebnosti\/piskotki\/"]}]},{"@type":"BreadcrumbList","@id":"http:\/\/www.mica.si\/SL\/center-zasebnosti\/piskotki\/#breadcrumb","itemListElement":[{"@type":"ListItem","position":1,"name":"Home","item":"https:\/\/www.mica.si\/de\/"},{"@type":"ListItem","position":2,"name":"Center zasebnosti","item":"http:\/\/www.mica.si\/SL\/center-zasebnosti\/"},{"@type":"ListItem","position":3,"name":"Pi\u0161kotki"}]},{"@type":"WebSite","@id":"https:\/\/www.mica.si\/de\/#website","url":"https:\/\/www.mica.si\/de\/","name":"Rupar plastika","description":"Od plastenke do zama\u0161ka","publisher":{"@id":"https:\/\/www.mica.si\/de\/#organization"},"potentialAction":[{"@type":"SearchAction","target":{"@type":"EntryPoint","urlTemplate":"https:\/\/www.mica.si\/de\/?s={search_term_string}"},"query-input":"required name=search_term_string"}],"inLanguage":"sl-SI"},{"@type":"Organization","@id":"https:\/\/www.mica.si\/de\/#organization","name":"Mica d.o.o. | Rupar plastika","url":"https:\/\/www.mica.si\/de\/","logo":{"@type":"ImageObject","inLanguage":"sl-SI","@id":"https:\/\/www.mica.si\/de\/#\/schema\/logo\/image\/","url":"https:\/\/www.mica.si\/wp-content\/uploads\/2015\/10\/cropped-logo.jpg","contentUrl":"https:\/\/www.mica.si\/wp-content\/uploads\/2015\/10\/cropped-logo.jpg","width":512,"height":512,"caption":"Mica d.o.o. | Rupar plastika"},"image":{"@id":"https:\/\/www.mica.si\/de\/#\/schema\/logo\/image\/"}}]}},"jetpack_shortlink":"https:\/\/wp.me\/P6Prec-eT","_links":{"self":[{"href":"https:\/\/www.mica.si\/SL\/wp-json\/wp\/v2\/pages\/923"}],"collection":[{"href":"https:\/\/www.mica.si\/SL\/wp-json\/wp\/v2\/pages"}],"about":[{"href":"https:\/\/www.mica.si\/SL\/wp-json\/wp\/v2\/types\/page"}],"author":[{"embeddable":true,"href":"https:\/\/www.mica.si\/SL\/wp-json\/wp\/v2\/users\/1"}],"replies":[{"embeddable":true,"href":"https:\/\/www.mica.si\/SL\/wp-json\/wp\/v2\/comments?post=923"}],"version-history":[{"count":5,"href":"https:\/\/www.mica.si\/SL\/wp-json\/wp\/v2\/pages\/923\/revisions"}],"predecessor-version":[{"id":941,"href":"https:\/\/www.mica.si\/SL\/wp-json\/wp\/v2\/pages\/923\/revisions\/941"}],"up":[{"embeddable":true,"href":"https:\/\/www.mica.si\/SL\/wp-json\/wp\/v2\/pages\/921"}],"wp:attachment":[{"href":"https:\/\/www.mica.si\/SL\/wp-json\/wp\/v2\/media?parent=923"}],"curies":[{"name":"wp","href":"https:\/\/api.w.org\/{rel}","templated":true}]}}