{"id":52,"date":"2015-10-10T18:22:00","date_gmt":"2015-10-10T18:22:00","guid":{"rendered":"http:\/\/www.bm-design.si\/mica\/?page_id=52"},"modified":"2019-10-20T08:44:40","modified_gmt":"2019-10-20T08:44:40","slug":"slovenscina-embalaza-za-cistilna-sredstva","status":"publish","type":"page","link":"https:\/\/www.mica.si\/SL\/embalaza\/embalaza-za-cistilna-sredstva\/","title":{"rendered":"Embala\u017ea za \u010distilna sredstva"},"content":{"rendered":"<div class=\"ngg-galleryoverview\" id=\"ngg-gallery-5-52\">\r\n\r\n\t<!-- Slideshow link -->\r\n\t<div class=\"slideshowlink\">\r\n\t\t<a class=\"slideshowlink\" href=\"https:\/\/www.mica.si\/SL\/embalaza\/embalaza-za-cistilna-sredstva\/?show=slide\">\r\n\t\t\t[Show slideshow]\t\t<\/a>\r\n\t<\/div>\r\n\r\n\t\r\n\t<!-- Thumbnails -->\r\n\t\t\r\n\t<div id=\"ngg-image-54\" class=\"ngg-gallery-thumbnail-box\"  >\r\n\t\t<div class=\"ngg-gallery-thumbnail\" >\r\n\t\t\t<a href=\"https:\/\/www.mica.si\/wp-content\/gallery\/embalaza-za-cistilna-sredstva\/Plastenka_750_ml.jpg\" title=\"Plastenka 750 ml, po naro\u010dilu\" class=\"shutterset_set_5\" >\r\n\t\t\t\t\t\t\t\t<img title=\"Plastenka 750 ml, po naro\u010dilu\" alt=\"Plastenka 750 ml, po naro\u010dilu\" src=\"https:\/\/www.mica.si\/wp-content\/gallery\/embalaza-za-cistilna-sredstva\/thumbs\/thumbs_Plastenka_750_ml.jpg\" width=\"120\" height=\"120\" \/>\r\n\t\t\t\t\t\t\t<\/a>\r\n\t\t\t<span>Plastenka 750 ml, po naro\u010dilu<\/span>\r\n\t\t<\/div>\r\n\t<\/div>\r\n\t\t \t\t\r\n\t<div id=\"ngg-image-55\" class=\"ngg-gallery-thumbnail-box\"  >\r\n\t\t<div class=\"ngg-gallery-thumbnail\" >\r\n\t\t\t<a href=\"https:\/\/www.mica.si\/wp-content\/gallery\/embalaza-za-cistilna-sredstva\/Plastenka_PE_1l.jpg\" title=\"Plastenka PE 1 L\" class=\"shutterset_set_5\" >\r\n\t\t\t\t\t\t\t\t<img title=\"Plastenka PE 1 L\" alt=\"Plastenka PE 1 L\" src=\"https:\/\/www.mica.si\/wp-content\/gallery\/embalaza-za-cistilna-sredstva\/thumbs\/thumbs_Plastenka_PE_1l.jpg\" width=\"120\" height=\"120\" \/>\r\n\t\t\t\t\t\t\t<\/a>\r\n\t\t\t<span>Plastenka PE 1 L<\/span>\r\n\t\t<\/div>\r\n\t<\/div>\r\n\t\t \t\t\r\n\t<div id=\"ngg-image-56\" class=\"ngg-gallery-thumbnail-box\"  >\r\n\t\t<div class=\"ngg-gallery-thumbnail\" >\r\n\t\t\t<a href=\"https:\/\/www.mica.si\/wp-content\/gallery\/embalaza-za-cistilna-sredstva\/Plastenka_PE_1lv1.jpg\" title=\"Plastenka PE 1 L\" class=\"shutterset_set_5\" >\r\n\t\t\t\t\t\t\t\t<img title=\"Plastenka PE 1 L\" alt=\"Plastenka PE 1 L\" src=\"https:\/\/www.mica.si\/wp-content\/gallery\/embalaza-za-cistilna-sredstva\/thumbs\/thumbs_Plastenka_PE_1lv1.jpg\" width=\"120\" height=\"120\" \/>\r\n\t\t\t\t\t\t\t<\/a>\r\n\t\t\t<span>Plastenka PE 1 L<\/span>\r\n\t\t<\/div>\r\n\t<\/div>\r\n\t\t \t\t\r\n\t<div id=\"ngg-image-57\" class=\"ngg-gallery-thumbnail-box\"  >\r\n\t\t<div class=\"ngg-gallery-thumbnail\" >\r\n\t\t\t<a href=\"https:\/\/www.mica.si\/wp-content\/gallery\/embalaza-za-cistilna-sredstva\/Plastenka_PE_15l.jpg\" title=\"Plastenka PE 1,5 L\" class=\"shutterset_set_5\" >\r\n\t\t\t\t\t\t\t\t<img title=\"Plastenka PE 1,5 L\" alt=\"Plastenka PE 1,5 L\" src=\"https:\/\/www.mica.si\/wp-content\/gallery\/embalaza-za-cistilna-sredstva\/thumbs\/thumbs_Plastenka_PE_15l.jpg\" width=\"120\" height=\"120\" \/>\r\n\t\t\t\t\t\t\t<\/a>\r\n\t\t\t<span>Plastenka PE 1,5 L<\/span>\r\n\t\t<\/div>\r\n\t<\/div>\r\n\t\t \t\t\r\n\t<div id=\"ngg-image-58\" class=\"ngg-gallery-thumbnail-box\"  >\r\n\t\t<div class=\"ngg-gallery-thumbnail\" >\r\n\t\t\t<a href=\"https:\/\/www.mica.si\/wp-content\/gallery\/embalaza-za-cistilna-sredstva\/Plastenka_PE_500ml.jpg\" title=\"Plastenka PE 500 ml, po naro\u010dilu\" class=\"shutterset_set_5\" >\r\n\t\t\t\t\t\t\t\t<img title=\"Plastenka PE 500 ml, po naro\u010dilu\" alt=\"Plastenka PE 500 ml, po naro\u010dilu\" src=\"https:\/\/www.mica.si\/wp-content\/gallery\/embalaza-za-cistilna-sredstva\/thumbs\/thumbs_Plastenka_PE_500ml.jpg\" width=\"120\" height=\"120\" \/>\r\n\t\t\t\t\t\t\t<\/a>\r\n\t\t\t<span>Plastenka PE 500 ml, po naro\u010dilu<\/span>\r\n\t\t<\/div>\r\n\t<\/div>\r\n\t\t \t\t\r\n\t<div id=\"ngg-image-59\" class=\"ngg-gallery-thumbnail-box\"  >\r\n\t\t<div class=\"ngg-gallery-thumbnail\" >\r\n\t\t\t<a href=\"https:\/\/www.mica.si\/wp-content\/gallery\/embalaza-za-cistilna-sredstva\/Plastenka_PET_1l_oval.jpg\" title=\"Plastenka PET 1 L 28\/410, oval\" class=\"shutterset_set_5\" >\r\n\t\t\t\t\t\t\t\t<img title=\"Plastenka PET 1 L 28\/410, oval\" alt=\"Plastenka PET 1 L 28\/410, oval\" src=\"https:\/\/www.mica.si\/wp-content\/gallery\/embalaza-za-cistilna-sredstva\/thumbs\/thumbs_Plastenka_PET_1l_oval.jpg\" width=\"120\" height=\"120\" \/>\r\n\t\t\t\t\t\t\t<\/a>\r\n\t\t\t<span>Plastenka PET 1 L 28\/410, oval<\/span>\r\n\t\t<\/div>\r\n\t<\/div>\r\n\t\t \t\t\r\n\t<div id=\"ngg-image-60\" class=\"ngg-gallery-thumbnail-box\"  >\r\n\t\t<div class=\"ngg-gallery-thumbnail\" >\r\n\t\t\t<a href=\"https:\/\/www.mica.si\/wp-content\/gallery\/embalaza-za-cistilna-sredstva\/Plastenka_PET_500ml.jpg\" title=\"Plastenka PET 500 ml 28\/410\" class=\"shutterset_set_5\" >\r\n\t\t\t\t\t\t\t\t<img title=\"Plastenka PET 500 ml 28\/410\" alt=\"Plastenka PET 500 ml 28\/410\" src=\"https:\/\/www.mica.si\/wp-content\/gallery\/embalaza-za-cistilna-sredstva\/thumbs\/thumbs_Plastenka_PET_500ml.jpg\" width=\"120\" height=\"120\" \/>\r\n\t\t\t\t\t\t\t<\/a>\r\n\t\t\t<span>Plastenka PET 500 ml 28\/410<\/span>\r\n\t\t<\/div>\r\n\t<\/div>\r\n\t\t \t\t\r\n\t<div id=\"ngg-image-61\" class=\"ngg-gallery-thumbnail-box\"  >\r\n\t\t<div class=\"ngg-gallery-thumbnail\" >\r\n\t\t\t<a href=\"https:\/\/www.mica.si\/wp-content\/gallery\/embalaza-za-cistilna-sredstva\/Plastenka_PET_500ml_v2.jpg\" title=\"Plastenka PET 500 ml 28\/410\" class=\"shutterset_set_5\" >\r\n\t\t\t\t\t\t\t\t<img title=\"Plastenka PET 500 ml 28\/410\" alt=\"Plastenka PET 500 ml 28\/410\" src=\"https:\/\/www.mica.si\/wp-content\/gallery\/embalaza-za-cistilna-sredstva\/thumbs\/thumbs_Plastenka_PET_500ml_v2.jpg\" width=\"120\" height=\"120\" \/>\r\n\t\t\t\t\t\t\t<\/a>\r\n\t\t\t<span>Plastenka PET 500 ml 28\/410<\/span>\r\n\t\t<\/div>\r\n\t<\/div>\r\n\t\t \t\t\r\n\t<div id=\"ngg-image-62\" class=\"ngg-gallery-thumbnail-box\"  >\r\n\t\t<div class=\"ngg-gallery-thumbnail\" >\r\n\t\t\t<a href=\"https:\/\/www.mica.si\/wp-content\/gallery\/embalaza-za-cistilna-sredstva\/Plastenka_PET_500ml_v3.jpg\" title=\"Plastenka PET 500 ml 28\/410, oval\" class=\"shutterset_set_5\" >\r\n\t\t\t\t\t\t\t\t<img title=\"Plastenka PET 500 ml 28\/410, oval\" alt=\"Plastenka PET 500 ml 28\/410, oval\" src=\"https:\/\/www.mica.si\/wp-content\/gallery\/embalaza-za-cistilna-sredstva\/thumbs\/thumbs_Plastenka_PET_500ml_v3.jpg\" width=\"120\" height=\"120\" \/>\r\n\t\t\t\t\t\t\t<\/a>\r\n\t\t\t<span>Plastenka PET 500 ml 28\/410, oval<\/span>\r\n\t\t<\/div>\r\n\t<\/div>\r\n\t\t \t\t\r\n\t<div id=\"ngg-image-53\" class=\"ngg-gallery-thumbnail-box\"  >\r\n\t\t<div class=\"ngg-gallery-thumbnail\" >\r\n\t\t\t<a href=\"https:\/\/www.mica.si\/wp-content\/gallery\/embalaza-za-cistilna-sredstva\/Plastenka_pet_750ml_trigger.jpg\" title=\"Plastenka 750 ml, po naro\u010dilu\r\n\" class=\"shutterset_set_5\" >\r\n\t\t\t\t\t\t\t\t<img title=\"\tPlastenka 750 ml, po naro\u010dilu\tPlastenka PE 1 L\tPlastenka PE 1 L\tPlastenka PE 1,5 L\tPlastenka PE 500 ml, po naro\u010dilu\tPlastenka PET 1 L 28\/410, oval\tPlastenka PET 500 ml 28\/410\tPlastenka PET 500 ml 28\/410\tPlastenka PET 500 ml 28\/410, oval\tPlastenka PET 750 ml trigger\" alt=\"\tPlastenka 750 ml, po naro\u010dilu\tPlastenka PE 1 L\tPlastenka PE 1 L\tPlastenka PE 1,5 L\tPlastenka PE 500 ml, po naro\u010dilu\tPlastenka PET 1 L 28\/410, oval\tPlastenka PET 500 ml 28\/410\tPlastenka PET 500 ml 28\/410\tPlastenka PET 500 ml 28\/410, oval\tPlastenka PET 750 ml trigger\" src=\"https:\/\/www.mica.si\/wp-content\/gallery\/embalaza-za-cistilna-sredstva\/thumbs\/thumbs_Plastenka_pet_750ml_trigger.jpg\" width=\"120\" height=\"120\" \/>\r\n\t\t\t\t\t\t\t<\/a>\r\n\t\t\t<span>Plastenka 750 ml, po naro\u010dilu\r\n<\/span>\r\n\t\t<\/div>\r\n\t<\/div>\r\n\t\t \t \t\r\n\t<!-- Pagination -->\r\n \t<div class='ngg-clear'><\/div>\n \t\r\n<\/div>","protected":false},"excerpt":{"rendered":"","protected":false},"author":1,"featured_media":0,"parent":31,"menu_order":5,"comment_status":"closed","ping_status":"closed","template":"","meta":{"footnotes":""},"yoast_head":"<!-- This site is optimized with the Yoast SEO plugin v20.4 - https:\/\/yoast.com\/wordpress\/plugins\/seo\/ -->\n<title>Embala\u017ea za \u010distilna sredstva - Rupar plastika<\/title>\n<meta name=\"robots\" content=\"index, follow, max-snippet:-1, max-image-preview:large, max-video-preview:-1\" \/>\n<link rel=\"canonical\" href=\"https:\/\/www.mica.si\/SL\/embalaza\/embalaza-za-cistilna-sredstva\/\" \/>\n<meta property=\"og:locale\" content=\"sl_SI\" \/>\n<meta property=\"og:type\" content=\"article\" \/>\n<meta property=\"og:title\" content=\"[:en]Packaging for cleansers[:de]Emballage f\u00fcr Putzmittel[:SL]Embala\u017ea za \u010distilna sredstva[:] - Rupar plastika\" \/>\n<meta property=\"og:url\" content=\"https:\/\/www.mica.si\/SL\/embalaza\/embalaza-za-cistilna-sredstva\/\" \/>\n<meta property=\"og:site_name\" content=\"Rupar plastika\" \/>\n<meta property=\"article:modified_time\" content=\"2019-10-20T08:44:40+00:00\" \/>\n<meta name=\"twitter:card\" content=\"summary_large_image\" \/>\n<script type=\"application\/ld+json\" class=\"yoast-schema-graph\">{\"@context\":\"https:\/\/schema.org\",\"@graph\":[{\"@type\":\"WebPage\",\"@id\":\"https:\/\/www.mica.si\/SL\/embalaza\/embalaza-za-cistilna-sredstva\/\",\"url\":\"https:\/\/www.mica.si\/SL\/embalaza\/embalaza-za-cistilna-sredstva\/\",\"name\":\"[:en]Packaging for cleansers[:de]Emballage f\u00fcr Putzmittel[:SL]Embala\u017ea za \u010distilna sredstva[:] - Rupar plastika\",\"isPartOf\":{\"@id\":\"https:\/\/www.mica.si\/de\/#website\"},\"datePublished\":\"2015-10-10T18:22:00+00:00\",\"dateModified\":\"2019-10-20T08:44:40+00:00\",\"breadcrumb\":{\"@id\":\"https:\/\/www.mica.si\/SL\/embalaza\/embalaza-za-cistilna-sredstva\/#breadcrumb\"},\"inLanguage\":\"sl-SI\",\"potentialAction\":[{\"@type\":\"ReadAction\",\"target\":[\"https:\/\/www.mica.si\/SL\/embalaza\/embalaza-za-cistilna-sredstva\/\"]}]},{\"@type\":\"BreadcrumbList\",\"@id\":\"https:\/\/www.mica.si\/SL\/embalaza\/embalaza-za-cistilna-sredstva\/#breadcrumb\",\"itemListElement\":[{\"@type\":\"ListItem\",\"position\":1,\"name\":\"Home\",\"item\":\"https:\/\/www.mica.si\/de\/\"},{\"@type\":\"ListItem\",\"position\":2,\"name\":\"Embala\u017ea\",\"item\":\"https:\/\/www.mica.si\/SL\/embalaza\/\"},{\"@type\":\"ListItem\",\"position\":3,\"name\":\"Embala\u017ea za \u010distilna sredstva\"}]},{\"@type\":\"WebSite\",\"@id\":\"https:\/\/www.mica.si\/de\/#website\",\"url\":\"https:\/\/www.mica.si\/de\/\",\"name\":\"Rupar plastika\",\"description\":\"Od plastenke do zama\u0161ka\",\"publisher\":{\"@id\":\"https:\/\/www.mica.si\/de\/#organization\"},\"potentialAction\":[{\"@type\":\"SearchAction\",\"target\":{\"@type\":\"EntryPoint\",\"urlTemplate\":\"https:\/\/www.mica.si\/de\/?s={search_term_string}\"},\"query-input\":\"required name=search_term_string\"}],\"inLanguage\":\"sl-SI\"},{\"@type\":\"Organization\",\"@id\":\"https:\/\/www.mica.si\/de\/#organization\",\"name\":\"Mica d.o.o. | Rupar plastika\",\"url\":\"https:\/\/www.mica.si\/de\/\",\"logo\":{\"@type\":\"ImageObject\",\"inLanguage\":\"sl-SI\",\"@id\":\"https:\/\/www.mica.si\/de\/#\/schema\/logo\/image\/\",\"url\":\"https:\/\/www.mica.si\/wp-content\/uploads\/2015\/10\/cropped-logo.jpg\",\"contentUrl\":\"https:\/\/www.mica.si\/wp-content\/uploads\/2015\/10\/cropped-logo.jpg\",\"width\":512,\"height\":512,\"caption\":\"Mica d.o.o. | Rupar plastika\"},\"image\":{\"@id\":\"https:\/\/www.mica.si\/de\/#\/schema\/logo\/image\/\"}}]}<\/script>\n<!-- \/ Yoast SEO plugin. -->","yoast_head_json":{"title":"[:en]Packaging for cleansers[:de]Emballage f\u00fcr Putzmittel[:SL]Embala\u017ea za \u010distilna sredstva[:] - Rupar plastika","robots":{"index":"index","follow":"follow","max-snippet":"max-snippet:-1","max-image-preview":"max-image-preview:large","max-video-preview":"max-video-preview:-1"},"canonical":"https:\/\/www.mica.si\/SL\/embalaza\/embalaza-za-cistilna-sredstva\/","og_locale":"sl_SI","og_type":"article","og_title":"[:en]Packaging for cleansers[:de]Emballage f\u00fcr Putzmittel[:SL]Embala\u017ea za \u010distilna sredstva[:] - Rupar plastika","og_url":"https:\/\/www.mica.si\/SL\/embalaza\/embalaza-za-cistilna-sredstva\/","og_site_name":"Rupar plastika","article_modified_time":"2019-10-20T08:44:40+00:00","twitter_card":"summary_large_image","schema":{"@context":"https:\/\/schema.org","@graph":[{"@type":"WebPage","@id":"https:\/\/www.mica.si\/SL\/embalaza\/embalaza-za-cistilna-sredstva\/","url":"https:\/\/www.mica.si\/SL\/embalaza\/embalaza-za-cistilna-sredstva\/","name":"[:en]Packaging for cleansers[:de]Emballage f\u00fcr Putzmittel[:SL]Embala\u017ea za \u010distilna sredstva[:] - Rupar plastika","isPartOf":{"@id":"https:\/\/www.mica.si\/de\/#website"},"datePublished":"2015-10-10T18:22:00+00:00","dateModified":"2019-10-20T08:44:40+00:00","breadcrumb":{"@id":"https:\/\/www.mica.si\/SL\/embalaza\/embalaza-za-cistilna-sredstva\/#breadcrumb"},"inLanguage":"sl-SI","potentialAction":[{"@type":"ReadAction","target":["https:\/\/www.mica.si\/SL\/embalaza\/embalaza-za-cistilna-sredstva\/"]}]},{"@type":"BreadcrumbList","@id":"https:\/\/www.mica.si\/SL\/embalaza\/embalaza-za-cistilna-sredstva\/#breadcrumb","itemListElement":[{"@type":"ListItem","position":1,"name":"Home","item":"https:\/\/www.mica.si\/de\/"},{"@type":"ListItem","position":2,"name":"Embala\u017ea","item":"https:\/\/www.mica.si\/SL\/embalaza\/"},{"@type":"ListItem","position":3,"name":"Embala\u017ea za \u010distilna sredstva"}]},{"@type":"WebSite","@id":"https:\/\/www.mica.si\/de\/#website","url":"https:\/\/www.mica.si\/de\/","name":"Rupar plastika","description":"Od plastenke do zama\u0161ka","publisher":{"@id":"https:\/\/www.mica.si\/de\/#organization"},"potentialAction":[{"@type":"SearchAction","target":{"@type":"EntryPoint","urlTemplate":"https:\/\/www.mica.si\/de\/?s={search_term_string}"},"query-input":"required name=search_term_string"}],"inLanguage":"sl-SI"},{"@type":"Organization","@id":"https:\/\/www.mica.si\/de\/#organization","name":"Mica d.o.o. | Rupar plastika","url":"https:\/\/www.mica.si\/de\/","logo":{"@type":"ImageObject","inLanguage":"sl-SI","@id":"https:\/\/www.mica.si\/de\/#\/schema\/logo\/image\/","url":"https:\/\/www.mica.si\/wp-content\/uploads\/2015\/10\/cropped-logo.jpg","contentUrl":"https:\/\/www.mica.si\/wp-content\/uploads\/2015\/10\/cropped-logo.jpg","width":512,"height":512,"caption":"Mica d.o.o. | Rupar plastika"},"image":{"@id":"https:\/\/www.mica.si\/de\/#\/schema\/logo\/image\/"}}]}},"jetpack_shortlink":"https:\/\/wp.me\/P6Prec-Q","_links":{"self":[{"href":"https:\/\/www.mica.si\/SL\/wp-json\/wp\/v2\/pages\/52"}],"collection":[{"href":"https:\/\/www.mica.si\/SL\/wp-json\/wp\/v2\/pages"}],"about":[{"href":"https:\/\/www.mica.si\/SL\/wp-json\/wp\/v2\/types\/page"}],"author":[{"embeddable":true,"href":"https:\/\/www.mica.si\/SL\/wp-json\/wp\/v2\/users\/1"}],"replies":[{"embeddable":true,"href":"https:\/\/www.mica.si\/SL\/wp-json\/wp\/v2\/comments?post=52"}],"version-history":[{"count":3,"href":"https:\/\/www.mica.si\/SL\/wp-json\/wp\/v2\/pages\/52\/revisions"}],"predecessor-version":[{"id":173,"href":"https:\/\/www.mica.si\/SL\/wp-json\/wp\/v2\/pages\/52\/revisions\/173"}],"up":[{"embeddable":true,"href":"https:\/\/www.mica.si\/SL\/wp-json\/wp\/v2\/pages\/31"}],"wp:attachment":[{"href":"https:\/\/www.mica.si\/SL\/wp-json\/wp\/v2\/media?parent=52"}],"curies":[{"name":"wp","href":"https:\/\/api.w.org\/{rel}","templated":true}]}}